{"id":30083,"date":"2025-03-18T07:09:49","date_gmt":"2025-03-18T06:09:49","guid":{"rendered":"https:\/\/usimmigrationassistance.org\/juridisk-ansvarsfriskrivning\/"},"modified":"2025-05-27T22:52:30","modified_gmt":"2025-05-27T18:52:30","slug":"juridisk-ansvarsfriskrivning","status":"publish","type":"page","link":"https:\/\/usimmigrationassistance.org\/sv\/juridisk-ansvarsfriskrivning\/","title":{"rendered":"Juridisk ansvarsfriskrivning"},"content":{"rendered":"\t\t<div data-elementor-type=\"wp-page\" data-elementor-id=\"30083\" class=\"elementor elementor-30083 elementor-881\" data-elementor-post-type=\"page\">\n\t\t\t\t<div class=\"elementor-element elementor-element-38977736 e-flex e-con-boxed wpr-particle-no wpr-jarallax-no wpr-parallax-no wpr-sticky-section-no e-con e-parent\" data-id=\"38977736\" data-element_type=\"container\">\n\t\t\t\t\t<div class=\"e-con-inner\">\n\t\t<div class=\"elementor-element elementor-element-95d71bf e-con-full e-flex wpr-particle-no wpr-jarallax-no wpr-parallax-no wpr-sticky-section-no e-con e-child\" data-id=\"95d71bf\" data-element_type=\"container\">\n\t\t\t\t<div class=\"elementor-element elementor-element-06e6898 elementor-widget elementor-widget-heading\" data-id=\"06e6898\" data-element_type=\"widget\" data-widget_type=\"heading.default\">\n\t\t\t\t<div class=\"elementor-widget-container\">\n\t\t\t\t\t<h2 class=\"elementor-heading-title elementor-size-default\">Juridisk ansvarsfriskrivning<\/h2>\t\t\t\t<\/div>\n\t\t\t\t<\/div>\n\t\t\t\t<\/div>\n\t\t<div class=\"elementor-element elementor-element-30dafa5 e-con-full e-flex wpr-particle-no wpr-jarallax-no wpr-parallax-no wpr-sticky-section-no e-con e-child\" data-id=\"30dafa5\" data-element_type=\"container\" data-settings=\"{&quot;background_background&quot;:&quot;classic&quot;}\">\n\t\t\t\t<div class=\"elementor-element elementor-element-20545007 elementor-widget elementor-widget-text-editor\" data-id=\"20545007\" data-element_type=\"widget\" data-widget_type=\"text-editor.default\">\n\t\t\t\t<div class=\"elementor-widget-container\">\n\t\t\t\t\t\t\t\t\t<p><\/p>\n<p>Varken TR\u0410VEL MUNDO &#8211; FZCO eller <a href=\"https:\/\/usimmigrationassistance.org\/sv\/\" target=\"_blank\" rel=\"noopener\">usimmigrationassistance.org<\/a> \u00e4r anslutna till USA:s utrikesdepartement (US DOS), USA:s inrikesministerium (US DHS), USA:s medborgarskaps- och immigrationsmyndighet (USCIS) eller n\u00e5gon annan amerikansk myndighet.<br> Vi \u00e4r inte en advokatbyr\u00e5, vi tillhandah\u00e5ller inte juridisk r\u00e5dgivning och vi ers\u00e4tter inte en advokat.<br> Vi \u00e4r en privat, internetbaserad konsulttj\u00e4nst inom resor och immigration som \u00e4r dedikerad till att hj\u00e4lpa individer att resa till USA.  <\/p>\n<p><\/p>\n<p><\/p>\n<p>Varken TR\u0410VEL MUNDO &#8211; FZCO, <a href=\"https:\/\/usimmigrationassistance.org\/sv\/\" target=\"_blank\" rel=\"noopener\">usimmigrationassistance.org<\/a> eller dess anst\u00e4llda p\u00e5st\u00e5r sig ha n\u00e5gon s\u00e4rskild kunskap om immigrationslagstiftning eller -f\u00f6rfaranden. Listade ink\u00f6pspriser f\u00f6r hj\u00e4lp med ans\u00f6kningsf\u00f6rberedelser inkluderar INTE n\u00e5gra avgifter f\u00f6r statliga ans\u00f6kningar, l\u00e4karunders\u00f6kningar, inl\u00e4mningsavgifter eller biometri. Statliga avgifter \u00e5terbetalas inte. Advokatarvoden \u00e5terbetalas inte.   <\/p>\n<p><\/p>\n<p><\/p>\n<p>USA:s visumpolicy behandlar de krav som en utl\u00e4ndsk medborgare som vill resa in i USA m\u00e5ste uppfylla f\u00f6r att f\u00e5 ett visum, vilket \u00e4r ett tillst\u00e5nd att resa till, resa in i och\/eller stanna kvar i USA. Bes\u00f6kare till USA m\u00e5ste f\u00e5 ett visum fr\u00e5n en av USA:s diplomatiska beskickningar, s\u00e5vida de inte kommer fr\u00e5n ett av de viseringsbefriade l\u00e4nderna eller l\u00e4nder som ing\u00e5r i Visa Waiver Program. Samma regler g\u00e4ller f\u00f6r Puerto Rico och USA:s Jungfru\u00f6ar, medan andra regler g\u00e4ller f\u00f6r resten av USA:s territorier, n\u00e4mligen Guam, Nordmarianerna och Amerikanska Samoa.  <\/p>\n<p><\/p>\n<p><\/p>\n<p>All information som l\u00e4mnas av dig, eller som l\u00e4mnas \u00e5 dina v\u00e4gnar av en utsedd tredje part, m\u00e5ste vara sann och korrekt. Ett amerikanskt visum kan \u00e5terkallas n\u00e4r som helst och av vilken anledning som helst, till exempel genom ny information som p\u00e5verkar beh\u00f6righeten. Du kan bli f\u00f6rem\u00e5l f\u00f6r administrativa eller straffr\u00e4ttsliga p\u00e5f\u00f6ljder om du medvetet och avsiktligt g\u00f6r ett v\u00e4sentligt falskt, fiktivt eller bedr\u00e4gligt uttalande eller en utf\u00e4stelse i en visumans\u00f6kan som l\u00e4mnats in av dig eller \u00e5 dina v\u00e4gnar.  <\/p>\n<p><\/p>\n<p><\/p>\n<p>V\u00e4nligen se \u00e5terbetalningspolicyn innan du k\u00f6per en tj\u00e4nst p\u00e5 v\u00e5r webbplats.<\/p>\n<p><\/p>\n<p><\/p>\n<p>Denna webbplats inneh\u00e5ller allm\u00e4n information om immigrationsfr\u00e5gor och utveckling. S\u00e5dant material \u00e4r endast avsett f\u00f6r informationssyfte och \u00e5terspeglar eventuellt inte den senaste utvecklingen. Detta informationsmaterial \u00e4r inte avsett, och b\u00f6r inte tolkas som, juridisk r\u00e5dgivning om n\u00e5gra fakta eller omst\u00e4ndigheter. Du b\u00f6r kontakta en advokat f\u00f6r v\u00e4gledning om specifika juridiska problem.   <\/p>\n<p><\/p>\n<p><\/p>\n<p>\u00c4ven om vi str\u00e4var efter att h\u00e5lla webbplatsinformationen uppdaterad och korrekt, l\u00e4mnar TR\u0410VEL MUNDO &#8211; FZCO inga utf\u00e4stelser eller garantier av n\u00e5got slag, vare sig uttryckliga eller underf\u00f6rst\u00e5dda, om fullst\u00e4ndigheten, noggrannheten, tillf\u00f6rlitligheten, l\u00e4mpligheten eller tillg\u00e4ngligheten avseende webbplatsen eller informationen, produkterna, tj\u00e4nsterna eller relaterad grafik som finns p\u00e5 webbplatsen f\u00f6r n\u00e5got \u00e4ndam\u00e5l. All f\u00f6rlitan du l\u00e4gger p\u00e5 s\u00e5dant material sker d\u00e4rf\u00f6r helt p\u00e5 egen risk. <\/p>\n<p><\/p>\n<p><\/p>\n<p>TRAVEL MUNDO &#8211; FZCO ansvarar inte f\u00f6r falsk, felaktig, ol\u00e4mplig eller ofullst\u00e4ndig information som presenteras p\u00e5 webbplatsen.<\/p>\n<p><\/p>\n<p><\/p>\n<p>\u00c4ven om vi g\u00f6r allt f\u00f6r att h\u00e5lla webbplatsen ig\u00e5ng smidigt, tar TR\u0410VEL MUNDO &#8211; FZCO, p\u00e5 grund av internets natur och den teknik som anv\u00e4nds, inget ansvar f\u00f6r och kommer inte att h\u00e5llas ansvarigt f\u00f6r att webbplatsen tillf\u00e4lligt inte \u00e4r tillg\u00e4nglig p\u00e5 grund av tekniska problem (eller annat) utanf\u00f6r dess kontroll eller f\u00f6r n\u00e5gon f\u00f6rlust eller skada som uppst\u00e5r till f\u00f6ljd av anv\u00e4ndning av eller \u00e5tkomst till, eller of\u00f6rm\u00e5ga att anv\u00e4nda eller komma \u00e5t denna webbplats \u00f6verhuvudtaget.<\/p>\n<p><\/p>\n<p><\/p>\n<p>Vissa l\u00e4nkar p\u00e5 denna webbplats leder till webbplatser som inte kontrolleras av TRAVEL MUNDO &#8211; FZCO. N\u00e4r du aktiverar dessa l\u00e4mnar du TRAVEL MUNDO &#8211; FZCOs webbplats. TRAVEL MUNDO &#8211; FZCO har ingen kontroll \u00f6ver och tar inget ansvar f\u00f6r material, produkter eller tj\u00e4nster som finns tillg\u00e4ngliga p\u00e5 webbplatser som inte kontrolleras av TRAVEL MUNDO &#8211; FZCO.  <\/p>\n<p><\/p>\n<p><\/p>\n<p>I den utstr\u00e4ckning det inte \u00e4r f\u00f6rbjudet enligt lag, ska TR\u0410VEL MUNDO &#8211; FZCO under inga omst\u00e4ndigheter vara ansvarigt gentemot dig eller n\u00e5gon annan tredje part f\u00f6r n\u00e5gon f\u00f6rlust eller skada (inklusive, utan begr\u00e4nsning, skada f\u00f6r utebliven verksamhet eller utebliven vinst) som direkt eller indirekt uppst\u00e5r p\u00e5 grund av din anv\u00e4ndning av eller of\u00f6rm\u00e5ga att anv\u00e4nda denna webbplats eller n\u00e5got av materialet p\u00e5 den.<\/p>\n<p><\/p>\n<p><\/p>\n<p>Ans\u00f6kningar som fylls i med v\u00e5r tj\u00e4nst finns tillg\u00e4ngliga som blanka formul\u00e4r gratis p\u00e5 vissa amerikanska myndigheters webbplatser. Vi \u00e4r en privat, tekniskt internetbaserad resetj\u00e4nstleverant\u00f6r som \u00e4r dedikerad till att hj\u00e4lpa individer att resa till USA. Om du inte vill anv\u00e4nda v\u00e5ra tj\u00e4nster kan du ans\u00f6ka direkt p\u00e5 <a href=\"https:\/\/travel.state.gov\/\" target=\"_blank\" rel=\"noreferrer noopener\">travel.state.gov<\/a> eller p\u00e5 <a href=\"https:\/\/uscis.gov\/\" target=\"_blank\" rel=\"noreferrer noopener\">uscis.gov<\/a> .  <\/p>\n<p><\/p>\n<p><\/p>\n<p>Du b\u00f6r inte anv\u00e4nda denna webbplats f\u00f6r att l\u00e4mna konfidentiell information om dina juridiska fr\u00e5gor till intagningsombuden. Din anv\u00e4ndning av denna webbplats g\u00f6r dig inte till klient hos en advokatbyr\u00e5 eller ens till en potentiell klient hos en advokatbyr\u00e5. <\/p>\n<p><\/p>\n<p><\/p>\n<p>F\u00f6r enkelhets skull kan denna webbplats inneh\u00e5lla l\u00e4nkar till tredje parts webbplatser. S\u00e5dana l\u00e4nkade webbplatser kontrolleras inte av oss, och vi tar inget ansvar f\u00f6r riktigheten av inneh\u00e5llet p\u00e5 s\u00e5dana webbplatser. <\/p>\n<p><\/p>\n<p><\/p>\n<p>Ditt bes\u00f6k och\/eller anv\u00e4ndning av denna webbplats indikerar att du godk\u00e4nner och tydligt f\u00f6rst\u00e5r de ansvarsfriskrivningar, <a href=\"https:\/\/usimmigrationassistance.org\/terms_of_use\/\" target=\"_blank\" rel=\"noreferrer noopener\">anv\u00e4ndarvillkor<\/a> , <a href=\"https:\/\/usimmigrationassistance.org\/privacy_policy\/\" target=\"_blank\" rel=\"noreferrer noopener\">sekretess-<\/a> och <a href=\"https:\/\/usimmigrationassistance.org\/refund_policy\/\" target=\"_blank\" rel=\"noreferrer noopener\">\u00e5terbetalningspolicyer<\/a> som anges p\u00e5 denna webbplats.<\/p>\n<p><\/p>\t\t\t\t\t\t\t\t<\/div>\n\t\t\t\t<\/div>\n\t\t\t\t<\/div>\n\t\t\t\t\t<\/div>\n\t\t\t\t<\/div>\n\t\t\t\t<\/div>\n\t\t","protected":false},"excerpt":{"rendered":"<p>Juridisk ansvarsfriskrivning Varken TR\u0410VEL MUNDO &#8211; FZCO eller usimmigrationassistance.org \u00e4r anslutna till USA:s utrikesdepartement (US DOS), USA:s inrikesministerium (US DHS), USA:s medborgarskaps- och immigrationsmyndighet (USCIS) eller n\u00e5gon annan amerikansk myndighet. Vi \u00e4r inte en advokatbyr\u00e5, vi tillhandah\u00e5ller inte juridisk r\u00e5dgivning och vi ers\u00e4tter inte en advokat. Vi \u00e4r en privat, internetbaserad konsulttj\u00e4nst inom resor och immigration som \u00e4r dedikerad till att hj\u00e4lpa individer att resa till USA. Varken TR\u0410VEL MUNDO &#8211; FZCO, usimmigrationassistance.org eller dess anst\u00e4llda p\u00e5st\u00e5r sig ha n\u00e5gon s\u00e4rskild kunskap om immigrationslagstiftning eller -f\u00f6rfaranden. Listade ink\u00f6pspriser f\u00f6r hj\u00e4lp med ans\u00f6kningsf\u00f6rberedelser inkluderar INTE n\u00e5gra avgifter f\u00f6r statliga ans\u00f6kningar, l\u00e4karunders\u00f6kningar, inl\u00e4mningsavgifter eller biometri. Statliga avgifter \u00e5terbetalas inte. Advokatarvoden \u00e5terbetalas inte. USA:s visumpolicy behandlar de krav som en utl\u00e4ndsk medborgare som vill resa in i USA m\u00e5ste uppfylla f\u00f6r att f\u00e5 ett visum, vilket \u00e4r ett tillst\u00e5nd att resa till, resa in i och\/eller stanna kvar i USA. Bes\u00f6kare till USA m\u00e5ste f\u00e5 ett visum fr\u00e5n en av USA:s diplomatiska beskickningar, s\u00e5vida de inte kommer fr\u00e5n ett av de viseringsbefriade l\u00e4nderna eller l\u00e4nder som ing\u00e5r i Visa Waiver Program. Samma regler g\u00e4ller f\u00f6r Puerto Rico och USA:s Jungfru\u00f6ar, medan andra regler g\u00e4ller f\u00f6r resten av USA:s territorier, n\u00e4mligen Guam, Nordmarianerna och Amerikanska Samoa. All information som l\u00e4mnas av dig, eller som l\u00e4mnas \u00e5 dina v\u00e4gnar av en utsedd tredje part, m\u00e5ste vara sann och korrekt. Ett amerikanskt visum kan \u00e5terkallas n\u00e4r som helst och av vilken anledning som helst, till exempel genom ny information som p\u00e5verkar beh\u00f6righeten. Du kan bli f\u00f6rem\u00e5l f\u00f6r administrativa eller straffr\u00e4ttsliga p\u00e5f\u00f6ljder om du medvetet och avsiktligt g\u00f6r ett v\u00e4sentligt falskt, fiktivt eller bedr\u00e4gligt uttalande eller en utf\u00e4stelse i en visumans\u00f6kan som l\u00e4mnats in av dig eller \u00e5 dina v\u00e4gnar. V\u00e4nligen se \u00e5terbetalningspolicyn innan du k\u00f6per en tj\u00e4nst p\u00e5 v\u00e5r webbplats. Denna webbplats inneh\u00e5ller allm\u00e4n information om immigrationsfr\u00e5gor och utveckling. S\u00e5dant material \u00e4r endast avsett f\u00f6r informationssyfte och \u00e5terspeglar eventuellt inte den senaste utvecklingen. Detta informationsmaterial \u00e4r inte avsett, och b\u00f6r inte tolkas som, juridisk r\u00e5dgivning om n\u00e5gra fakta eller omst\u00e4ndigheter. Du b\u00f6r kontakta en advokat f\u00f6r v\u00e4gledning om specifika juridiska problem. \u00c4ven om vi str\u00e4var efter att h\u00e5lla webbplatsinformationen uppdaterad och korrekt, l\u00e4mnar TR\u0410VEL MUNDO &#8211; FZCO inga utf\u00e4stelser eller garantier av n\u00e5got slag, vare sig uttryckliga eller underf\u00f6rst\u00e5dda, om fullst\u00e4ndigheten, noggrannheten, tillf\u00f6rlitligheten, l\u00e4mpligheten eller tillg\u00e4ngligheten avseende webbplatsen eller informationen, produkterna, tj\u00e4nsterna eller relaterad grafik som finns p\u00e5 webbplatsen f\u00f6r n\u00e5got \u00e4ndam\u00e5l. All f\u00f6rlitan du l\u00e4gger p\u00e5 s\u00e5dant material sker d\u00e4rf\u00f6r helt p\u00e5 egen risk. TRAVEL MUNDO &#8211; FZCO ansvarar inte f\u00f6r falsk, felaktig, ol\u00e4mplig eller ofullst\u00e4ndig information som presenteras p\u00e5 webbplatsen. \u00c4ven om vi g\u00f6r allt f\u00f6r att h\u00e5lla webbplatsen ig\u00e5ng smidigt, tar TR\u0410VEL MUNDO &#8211; FZCO, p\u00e5 grund av internets natur och den teknik som anv\u00e4nds, inget ansvar f\u00f6r och kommer inte att h\u00e5llas ansvarigt f\u00f6r att webbplatsen tillf\u00e4lligt inte \u00e4r tillg\u00e4nglig p\u00e5 grund av tekniska problem (eller annat) utanf\u00f6r dess kontroll eller f\u00f6r n\u00e5gon f\u00f6rlust eller skada som uppst\u00e5r till f\u00f6ljd av anv\u00e4ndning av eller \u00e5tkomst till, eller of\u00f6rm\u00e5ga att anv\u00e4nda eller komma \u00e5t denna webbplats \u00f6verhuvudtaget. Vissa l\u00e4nkar p\u00e5 denna webbplats leder till webbplatser som inte kontrolleras av TRAVEL MUNDO &#8211; FZCO. N\u00e4r du aktiverar dessa l\u00e4mnar du TRAVEL MUNDO &#8211; FZCOs webbplats. TRAVEL MUNDO &#8211; FZCO har ingen kontroll \u00f6ver och tar inget ansvar f\u00f6r material, produkter eller tj\u00e4nster som finns tillg\u00e4ngliga p\u00e5 webbplatser som inte kontrolleras av TRAVEL MUNDO &#8211; FZCO. I den utstr\u00e4ckning det inte \u00e4r f\u00f6rbjudet enligt lag, ska TR\u0410VEL MUNDO &#8211; FZCO under inga omst\u00e4ndigheter vara ansvarigt gentemot dig eller n\u00e5gon annan tredje part f\u00f6r n\u00e5gon f\u00f6rlust eller skada (inklusive, utan begr\u00e4nsning, skada f\u00f6r utebliven verksamhet eller utebliven vinst) som direkt eller indirekt uppst\u00e5r p\u00e5 grund av din anv\u00e4ndning av eller of\u00f6rm\u00e5ga att anv\u00e4nda denna webbplats eller n\u00e5got av materialet p\u00e5 den. Ans\u00f6kningar som fylls i med v\u00e5r tj\u00e4nst finns tillg\u00e4ngliga som blanka formul\u00e4r gratis p\u00e5 vissa amerikanska myndigheters webbplatser. Vi \u00e4r en privat, tekniskt internetbaserad resetj\u00e4nstleverant\u00f6r som \u00e4r dedikerad till att hj\u00e4lpa individer att resa till USA. Om du inte vill anv\u00e4nda v\u00e5ra tj\u00e4nster kan du ans\u00f6ka direkt p\u00e5 travel.state.gov eller p\u00e5 uscis.gov . Du b\u00f6r inte anv\u00e4nda denna webbplats f\u00f6r att l\u00e4mna konfidentiell information om dina juridiska fr\u00e5gor till intagningsombuden. Din anv\u00e4ndning av denna webbplats g\u00f6r dig inte till klient hos en advokatbyr\u00e5 eller ens till en potentiell klient hos en advokatbyr\u00e5. F\u00f6r enkelhets skull kan denna webbplats inneh\u00e5lla l\u00e4nkar till tredje parts webbplatser. S\u00e5dana l\u00e4nkade webbplatser kontrolleras inte av oss, och vi tar inget ansvar f\u00f6r riktigheten av inneh\u00e5llet p\u00e5 s\u00e5dana webbplatser. Ditt bes\u00f6k och\/eller anv\u00e4ndning av denna webbplats indikerar att du godk\u00e4nner och tydligt f\u00f6rst\u00e5r de ansvarsfriskrivningar, anv\u00e4ndarvillkor , sekretess- och \u00e5terbetalningspolicyer som anges p\u00e5 denna webbplats.<\/p>\n","protected":false},"author":3,"featured_media":0,"parent":0,"menu_order":0,"comment_status":"closed","ping_status":"closed","template":"","meta":{"footnotes":""},"class_list":["post-30083","page","type-page","status-publish","hentry"],"_links":{"self":[{"href":"https:\/\/usimmigrationassistance.org\/sv\/wp-json\/wp\/v2\/pages\/30083","targetHints":{"allow":["GET"]}}],"collection":[{"href":"https:\/\/usimmigrationassistance.org\/sv\/wp-json\/wp\/v2\/pages"}],"about":[{"href":"https:\/\/usimmigrationassistance.org\/sv\/wp-json\/wp\/v2\/types\/page"}],"author":[{"embeddable":true,"href":"https:\/\/usimmigrationassistance.org\/sv\/wp-json\/wp\/v2\/users\/3"}],"replies":[{"embeddable":true,"href":"https:\/\/usimmigrationassistance.org\/sv\/wp-json\/wp\/v2\/comments?post=30083"}],"version-history":[{"count":3,"href":"https:\/\/usimmigrationassistance.org\/sv\/wp-json\/wp\/v2\/pages\/30083\/revisions"}],"predecessor-version":[{"id":30094,"href":"https:\/\/usimmigrationassistance.org\/sv\/wp-json\/wp\/v2\/pages\/30083\/revisions\/30094"}],"wp:attachment":[{"href":"https:\/\/usimmigrationassistance.org\/sv\/wp-json\/wp\/v2\/media?parent=30083"}],"curies":[{"name":"wp","href":"https:\/\/api.w.org\/{rel}","templated":true}]}}